{"id":3537,"date":"2021-04-26T10:16:31","date_gmt":"2021-04-26T10:16:31","guid":{"rendered":"https:\/\/farmaciadebernardinis.it\/?page_id=3537"},"modified":"2021-04-26T10:20:55","modified_gmt":"2021-04-26T10:20:55","slug":"un-vita-senza-glutine","status":"publish","type":"page","link":"https:\/\/farmaciadebernardinis.it\/?page_id=3537","title":{"rendered":"Un vita senza glutine"},"content":{"rendered":"<p>La Farmacia De Bernardinis ha un&#8217;area interamente dedicata ai prodotti senza glutine. L&#8217;intento della storica Farmacia \u00e8 sempre stato quello di poter facilitare la vita dei celiaci offrendo prodotti di ogni genere, di prima qualit\u00e0, bio, integrali, artigianali, adatti per ogni occasione e soprattutto per ogni et\u00e0.<\/p>\n<p><img loading=\"lazy\" decoding=\"async\" class=\"alignleft size-medium wp-image-3546\" src=\"https:\/\/farmaciadebernardinis.it\/wp-content\/uploads\/2021\/04\/Farabella-pasta-WhatsApp-Image-2021-04-19-at-10.18.53-1-1024x479-1-300x140.jpeg\" alt=\"\" width=\"300\" height=\"140\" \/><\/p>\n<p>Ai marchi che hanno fatto la storia del senza glutine &#8211; Schar, Nutrifree, C\u00e8real, Piaceri Mediterranei, Molino di ferro e altre &#8211; si sono affiancati quelli pi\u00f9 ricercati e i grandi brand che hanno optato ora per linee interamente adatte ai celiaci.<\/p>\n<p>Alla Farmacia De Bernardinis \u00e8 possibile trovare la pasta di Rummo, Barilla o De Cecco, ma anche i dolci Bauli, il pane e i biscotti Doria, o quelli del Mulino Bianco. Si tratta di prodotti pensati per chi deve mangiare senza glutine ma senza rinunciare al sapore.<\/p>\n<p>Ci sono poi tanti marchi di nicchia come La fabbrica della pasta, con formati realizzati in un pastificio di Gragnano, farine, biscotti e pasta di Farabella, dal cuore del parco della Maiella, e la nuova pasta Leg\u00f9 fatta solo di farine di legumi.<\/p>\n<p>Un ampio spazio nel banco frigo trovano anche le paste all&#8217;uovo fresche di Picchiotti o di Schar e le pizze adatte sia agli amici celiaci, sia agli intolleranti al lattosio.<\/p>\n<p>I prodotti senza glutine alla Farmacia De Bernardinis sono erogabili con il buono concesso dalla Asl.<\/p>\n<h2><a href=\"https:\/\/farmaciadebernardinis.it\/?cat=20\">SCOPRI TUTTE LE NOVITA&#8217; SENZA GLUTINE<\/a><\/h2>\n","protected":false},"excerpt":{"rendered":"<p>La Farmacia De Bernardinis ha un&#8217;area interamente dedicata ai prodotti senza glutine. L&#8217;intento della storica Farmacia \u00e8 sempre stato quello di poter facilitare la vita dei celiaci offrendo prodotti di ogni genere, di prima qualit\u00e0, bio, integrali, artigianali, adatti per ogni occasione e soprattutto per ogni et\u00e0. Ai marchi che hanno fatto la storia del senza glutine &#8211; Schar, Nutrifree, C\u00e8real, Piaceri Mediterranei, Molino di ferro e altre &#8211; si sono affiancati quelli pi\u00f9 ricercati e i grandi brand che hanno optato ora per linee interamente adatte ai celiaci. Alla Farmacia De Bernardinis \u00e8 possibile trovare la pasta di Rummo, <\/p>\n","protected":false},"author":1,"featured_media":0,"parent":0,"menu_order":0,"comment_status":"closed","ping_status":"closed","template":"","meta":{"footnotes":""},"class_list":["post-3537","page","type-page","status-publish","hentry"],"_links":{"self":[{"href":"https:\/\/farmaciadebernardinis.it\/index.php?rest_route=\/wp\/v2\/pages\/3537"}],"collection":[{"href":"https:\/\/farmaciadebernardinis.it\/index.php?rest_route=\/wp\/v2\/pages"}],"about":[{"href":"https:\/\/farmaciadebernardinis.it\/index.php?rest_route=\/wp\/v2\/types\/page"}],"author":[{"embeddable":true,"href":"https:\/\/farmaciadebernardinis.it\/index.php?rest_route=\/wp\/v2\/users\/1"}],"replies":[{"embeddable":true,"href":"https:\/\/farmaciadebernardinis.it\/index.php?rest_route=%2Fwp%2Fv2%2Fcomments&post=3537"}],"version-history":[{"count":3,"href":"https:\/\/farmaciadebernardinis.it\/index.php?rest_route=\/wp\/v2\/pages\/3537\/revisions"}],"predecessor-version":[{"id":3549,"href":"https:\/\/farmaciadebernardinis.it\/index.php?rest_route=\/wp\/v2\/pages\/3537\/revisions\/3549"}],"wp:attachment":[{"href":"https:\/\/farmaciadebernardinis.it\/index.php?rest_route=%2Fwp%2Fv2%2Fmedia&parent=3537"}],"curies":[{"name":"wp","href":"https:\/\/api.w.org\/{rel}","templated":true}]}}