{"id":2596,"date":"2019-02-28T17:39:36","date_gmt":"2019-02-28T17:39:36","guid":{"rendered":"https:\/\/demo.mythemeshop.com\/fresh\/?page_id=2596"},"modified":"2023-09-12T12:57:26","modified_gmt":"2023-09-12T12:57:26","slug":"home","status":"publish","type":"page","link":"https:\/\/farmaciadebernardinis.it\/","title":{"rendered":"Home"},"content":{"rendered":"<p>Eine erfolgreiche Ghostwriting-Agentur hat bestimmte Geheimnisse, die zu ihrem Erfolg beitragen. Erstens verf\u00fcgt sie \u00fcber ein effizientes und gut organisiertes <a href=\"https:\/\/premiumghostwriter.de\/\">premiumghostwriter.de<\/a> Projektmanagement. Dies erm\u00f6glicht es der Agentur, Projekte termingerecht abzuschlie\u00dfen und qualitativ hochwertige Ergebnisse zu liefern. Zweitens legt eine erfolgreiche Agentur gro\u00dfen Wert auf die Zusammenarbeit mit dem Kunden. Sie stellt sicher, dass die Anforderungen und Erwartungen des Kunden vollst\u00e4ndig verstanden werden und dass der Text den gew\u00fcnschten Zweck erf\u00fcllt. Schlie\u00dflich hat eine erfolgreiche Ghostwriting-Agentur ein Netzwerk von Fachleuten und Experten, auf die sie bei Bedarf zur\u00fcckgreifen kann. Dies erm\u00f6glicht es ihr, auch komplexe und spezialisierte Projekte erfolgreich abzuschlie\u00dfen.<\/p>\n<p>Zweitens sparen Sie Zeit und M\u00fche, indem Sie einen Ghostwriter engagieren. Das Schreiben einer Hausarbeit erfordert viel Zeit und Energie. Indem Sie einen Ghostwriter beauftragen, k\u00f6nnen Sie <a href=\"https:\/\/hausarbeiten-schreiben-lassen.com\/\">ghostwriting hausarbeit<\/a> sich auf andere wichtige Aufgaben konzentrieren, wie zum Beispiel das Studieren f\u00fcr Pr\u00fcfungen oder das Teilnehmen an extracurricularen Aktivit\u00e4ten. Der Ghostwriter \u00fcbernimmt die Verantwortung f\u00fcr das Schreiben der Hausarbeit und stellt sicher, dass sie rechtzeitig abgeschlossen wird.<\/p>\n<p>Ein Ghostwriter ist ein professioneller Schriftsteller, der im Auftrag anderer Personen schreibt. Die Hauptaufgabe eines Ghostwriters besteht darin, die Ideen und Konzepte des Auftraggebers in <a href=\"https:\/\/hausarbeiten-schreiben-lassen.com\/\">hausarbeiten schreiben lassen<\/a> eine gut geschriebene und ansprechende Hausarbeit umzusetzen. Der Ghostwriter wird normalerweise nicht als Autor der Arbeit genannt, sondern der Kunde wird als solcher anerkannt. Dies erm\u00f6glicht es dem Studenten, die Anerkennung f\u00fcr seine Arbeit zu erhalten, w\u00e4hrend er gleichzeitig von der Expertise und Erfahrung des Ghostwriters profitiert.<\/p>\n","protected":false},"excerpt":{"rendered":"<p>Eine erfolgreiche Ghostwriting-Agentur hat bestimmte Geheimnisse, die zu ihrem Erfolg beitragen. Erstens verf\u00fcgt sie \u00fcber ein effizientes und gut organisiertes premiumghostwriter.de Projektmanagement. Dies erm\u00f6glicht es der Agentur, Projekte termingerecht abzuschlie\u00dfen und qualitativ hochwertige Ergebnisse zu liefern. Zweitens legt eine erfolgreiche Agentur gro\u00dfen Wert auf die Zusammenarbeit mit dem Kunden. Sie stellt sicher, dass die Anforderungen und Erwartungen des Kunden vollst\u00e4ndig verstanden werden und dass der Text den gew\u00fcnschten Zweck erf\u00fcllt. Schlie\u00dflich hat eine erfolgreiche Ghostwriting-Agentur ein Netzwerk von Fachleuten und Experten, auf die sie bei Bedarf zur\u00fcckgreifen kann. Dies erm\u00f6glicht es ihr, auch komplexe und spezialisierte Projekte erfolgreich abzuschlie\u00dfen. Zweitens <\/p>\n","protected":false},"author":1,"featured_media":0,"parent":0,"menu_order":0,"comment_status":"closed","ping_status":"closed","template":"page-home.php","meta":{"footnotes":""},"class_list":["post-2596","page","type-page","status-publish","hentry"],"_links":{"self":[{"href":"https:\/\/farmaciadebernardinis.it\/index.php?rest_route=\/wp\/v2\/pages\/2596"}],"collection":[{"href":"https:\/\/farmaciadebernardinis.it\/index.php?rest_route=\/wp\/v2\/pages"}],"about":[{"href":"https:\/\/farmaciadebernardinis.it\/index.php?rest_route=\/wp\/v2\/types\/page"}],"author":[{"embeddable":true,"href":"https:\/\/farmaciadebernardinis.it\/index.php?rest_route=\/wp\/v2\/users\/1"}],"replies":[{"embeddable":true,"href":"https:\/\/farmaciadebernardinis.it\/index.php?rest_route=%2Fwp%2Fv2%2Fcomments&post=2596"}],"version-history":[{"count":3,"href":"https:\/\/farmaciadebernardinis.it\/index.php?rest_route=\/wp\/v2\/pages\/2596\/revisions"}],"predecessor-version":[{"id":3626,"href":"https:\/\/farmaciadebernardinis.it\/index.php?rest_route=\/wp\/v2\/pages\/2596\/revisions\/3626"}],"wp:attachment":[{"href":"https:\/\/farmaciadebernardinis.it\/index.php?rest_route=%2Fwp%2Fv2%2Fmedia&parent=2596"}],"curies":[{"name":"wp","href":"https:\/\/api.w.org\/{rel}","templated":true}]}}